{"id":296,"date":"2020-10-18T13:09:13","date_gmt":"2020-10-18T13:09:13","guid":{"rendered":"https:\/\/luma-sp.com\/?page_id=296"},"modified":"2020-11-12T13:24:57","modified_gmt":"2020-11-12T13:24:57","slug":"kontakt","status":"publish","type":"page","link":"https:\/\/luma-sp.com\/en\/kontakt\/","title":{"rendered":"Kontakt"},"content":{"rendered":"<div id=\"themify_builder_content-296\" data-postid=\"296\" class=\"themify_builder_content themify_builder_content-296 themify_builder tf_clear\">\n    \t<!-- module_row -->\n\t<div   data-css_id=\"tb_p0vi454\" data-lazy=\"1\" class=\"themify_builder_row module_row fullcover fullwidth tb_p0vi454 tb_first clearfix\">\n\t    \t    <div class=\"row_inner col_align_top tf_box tf_w tf_rel\" >\n\t\t\t<div  data-lazy=\"1\" class=\"module_column tb-column col4-1 first tb_w1ux455 repeat tf_box\" >\n\t    \t    \t<\/div>\n\t\t<div  data-lazy=\"1\" class=\"module_column tb-column col4-2 middle tb_ialt455 tf_box\">\n\t    \t    \t        <div class=\"tb-column-inner tf_box tf_w\">\n\t\t    <!-- module text -->\n<div  class=\"module module-text tb_54ni456\" data-lazy=\"1\">\n            <div  class=\"tb_text_wrap\">\n    <h2>Contact<\/h2>    <\/div>\n<\/div>\n<!-- \/module text --><!-- module text -->\n<div  class=\"module module-text tb_ghe2457  repeat\" data-lazy=\"1\">\n            <div  class=\"tb_text_wrap\">\n    <p style=\"text-align: center;\">\n<div class=\"wpcf7 no-js\" id=\"wpcf7-f45-o1\" lang=\"en-US\" dir=\"ltr\" data-wpcf7-id=\"45\">\n<div class=\"screen-reader-response\"><p role=\"status\" aria-live=\"polite\" aria-atomic=\"true\"> <ul><\/ul><\/div>\n<form action=\"\/en\/wp-json\/wp\/v2\/pages\/296#wpcf7-f45-o1\" method=\"post\" class=\"wpcf7-form init\" aria-label=\"Contact form\" novalidate=\"novalidate\" data-status=\"init\" data-trp-original-action=\"\/en\/wp-json\/wp\/v2\/pages\/296#wpcf7-f45-o1\">\n<fieldset class=\"hidden-fields-container\"><input type=\"hidden\" name=\"_wpcf7\" value=\"45\" \/><input type=\"hidden\" name=\"_wpcf7_version\" value=\"6.1.5\" \/><input type=\"hidden\" name=\"_wpcf7_locale\" value=\"en_US\" \/><input type=\"hidden\" name=\"_wpcf7_unit_tag\" value=\"wpcf7-f45-o1\" \/><input type=\"hidden\" name=\"_wpcf7_container_post\" value=\"0\" \/><input type=\"hidden\" name=\"_wpcf7_posted_data_hash\" value=\"\" \/>\n<\/fieldset>\n<p><label><b> Name (required)<br \/>\n<span class=\"wpcf7-form-control-wrap\" data-name=\"your-name\"><input size=\"40\" maxlength=\"400\" class=\"wpcf7-form-control wpcf7-text wpcf7-validates-as-required\" aria-required=\"true\" aria-invalid=\"false\" value=\"\" type=\"text\" name=\"your-name\" \/><\/span> <\/b><\/label>\n<\/p>\n<p><label> E-mail address (required)<br \/>\n<span class=\"wpcf7-form-control-wrap\" data-name=\"your-email\"><input size=\"40\" maxlength=\"400\" class=\"wpcf7-form-control wpcf7-email wpcf7-validates-as-required wpcf7-text wpcf7-validates-as-email\" aria-required=\"true\" aria-invalid=\"false\" value=\"\" type=\"email\" name=\"your-email\" \/><\/span> <\/label>\n<\/p>\n<p><label> Title<br \/>\n<span class=\"wpcf7-form-control-wrap\" data-name=\"your-subject\"><input size=\"40\" maxlength=\"400\" class=\"wpcf7-form-control wpcf7-text\" aria-invalid=\"false\" value=\"\" type=\"text\" name=\"your-subject\" \/><\/span> <\/label>\n<\/p>\n<p><label> Your message<br \/>\n<span class=\"wpcf7-form-control-wrap\" data-name=\"your-message\"><textarea cols=\"40\" rows=\"10\" maxlength=\"2000\" class=\"wpcf7-form-control wpcf7-textarea\" aria-invalid=\"false\" name=\"your-message\"><\/textarea><\/span> <\/label>\n<\/p>\n<p><input class=\"wpcf7-form-control wpcf7-submit has-spinner\" type=\"submit\" value=\"Send\" \/>\n<\/p>\n<p><iframe src=\"https:\/\/www.google.com\/maps\/embed?pb=!1m18!1m12!1m3!1d2808.9872358004045!2d19.787544515422496!3d45.24805087909894!2m3!1f0!2f0!3f0!3m2!1i1024!2i768!4f13.1!3m3!1m2!1s0x475b11c4cd0844c1%3A0x2903c8b55682399!2sBulevar%20Jovana%20Du%C4%8Di%C4%87a%2043%2C%20Novi%20Sad!5e0!3m2!1sen!2srs!4v1605119274203!5m2!1sen!2srs\" width=\"800\" height=\"450\" frameborder=\"0\" style=\"border:0; margin-top:150px;\" allowfullscreen=\"\" aria-hidden=\"false\" tabindex=\"0\"><\/iframe>\n<\/p><p style=\"display: none !important;\" class=\"akismet-fields-container\" data-prefix=\"_wpcf7_ak_\"><label>&#916;<textarea name=\"_wpcf7_ak_hp_textarea\" cols=\"45\" rows=\"8\" maxlength=\"100\"><\/textarea><\/label><input type=\"hidden\" id=\"ak_js_1\" name=\"_wpcf7_ak_js\" value=\"136\"\/><script>document.getElementById( \"ak_js_1\" ).setAttribute( \"value\", ( new Date() ).getTime() );<\/script><\/p><div class=\"wpcf7-response-output\" aria-hidden=\"true\"><\/div>\n<input type=\"hidden\" name=\"trp-form-language\" value=\"en\"\/><\/form>\n<\/div>    <\/div>\n<\/div>\n<!-- \/module text -->\t        <\/div>\n\t    \t<\/div>\n\t\t<div  data-lazy=\"1\" class=\"module_column tb-column col4-1 last tb_q9ql457 tf_box\">\n\t    \t    \t<\/div>\n\t\t    <\/div>\n\t    <!-- \/row_inner -->\n\t<\/div>\n\t<!-- \/module_row -->\n\t\t<!-- module_row -->\n\t<div   data-anchor=\"about\" data-hide-anchor=\"1\" data-css_id=\"tb_a8b1290\" data-lazy=\"1\" class=\"themify_builder_row module_row repeat tb_has_section tb_section-about tb_a8b1290 clearfix\">\n\t    \t    <div class=\"row_inner col_align_middle tf_box tf_w tf_rel\"   data-mobile_dir=\"rtl\" data-basecol=\"2\" data-col_tablet=\"column4-1-4-3\" data-col_mobile=\"column-full\">\n\t\t\t<div  data-lazy=\"1\" class=\"module_column tb-column col3-1 first tb_isx5291 tf_box\" >\n\t    \t    \t        <div class=\"tb-column-inner tf_box tf_w\">\n\t\t    <!-- module image -->\n<div  class=\"module module-image tb_7mrd292   image-center tf_mw\" data-lazy=\"1\">\n            <div class=\"image-wrap tf_rel tf_mw\">\n\t\t    <img decoding=\"async\" src=\"https:\/\/luma-sp.com\/wp-content\/uploads\/2020\/10\/about-us-200x200.jpg\" width=\"200\" height=\"200\" class=\"wp-post-image wp-image-16\" title=\"about-us\" alt=\"about-us\" srcset=\"https:\/\/luma-sp.com\/wp-content\/uploads\/2020\/10\/about-us-200x200.jpg 200w, https:\/\/luma-sp.com\/wp-content\/uploads\/2020\/10\/about-us-300x300.jpg 300w, https:\/\/luma-sp.com\/wp-content\/uploads\/2020\/10\/about-us-150x150.jpg 150w, https:\/\/luma-sp.com\/wp-content\/uploads\/2020\/10\/about-us.jpg 500w\" sizes=\"(max-width: 200px) 100vw, 200px\" \/>\t\n\t\t<\/div>\n\t<!-- \/image-wrap -->\n    \n    \n<\/div>\n<!-- \/module image -->\t        <\/div>\n\t    \t<\/div>\n\t\t<div  data-lazy=\"1\" class=\"module_column tb-column col3-2 last tb_74vf293 tf_box\" >\n\t    \t    \t        <div class=\"tb-column-inner tf_box tf_w\">\n\t\t    <!-- module text -->\n<div  class=\"module module-text tb_11de293  repeat\" data-lazy=\"1\">\n            <div  class=\"tb_text_wrap\">\n    <h2 style=\"text-align: center;\">About us<\/h2>\n<h4>The company LUMA Stone Protect was founded in 2012 in Novi Sad and started it\u2019s activities in field of cleaning, protecting and maintaining floors made of stone, ceramic and other materials, as well as activities in the field of cleaning and maintaining hygiene in big business facilities. With great experience and dedicated work, we have fought for the position of a reliable partner for large sales systems of ceramic and stone. \u00a0<\/h4>\n<h4>Our international partner, company FILA industria chimica spa, is European and world leader in the production of detergents and floor protective equipment. With their permanent research work, they managed to get a leading position in quality of their products, and they accepted us as a reliable partner on the territory of Serbia and the region, with which it actively participates in expanding the sales network of goods and services.<\/h4>\n<h4>Our business success is based on:<\/h4>\n<ul style=\"text-align: left;\">\n<li>\n<h4>Customer relations and contractual obligations\u00a0<\/h4>\n<\/li>\n<li>\n<h4>Individual approach to the needs of our clients<\/h4>\n<\/li>\n<li>\n<h4>Competent, responsible and trained workers\u00a0<\/h4>\n<\/li>\n<li>\n<h4>Modern professional machines and equipment\u00a0<\/h4>\n<\/li>\n<li>\n<h4>Quality professional means of renowned manufacturers<\/h4>\n<\/li>\n<li>\n<h4>Permanent quality control\u00a0<\/h4>\n<\/li>\n<\/ul>\n<h4>The company's quality policy is based on the establishment, implementation and maintenance of business with the aim of fully meeting the requirements and expectations of customers and other stakeholders with continuous and sustainable development and increasing the effectiveness and efficiency of business.<\/h4>\n<h4>By hiring teams of workers for whom cleaning is a daily job, by using professional machines and equipment, as well as quality chemicals, we guarantee the high quality of services provided.<\/h4>\n<h4 style=\"text-align: justify;\">\u00a0<\/h4>    <\/div>\n<\/div>\n<!-- \/module text -->\t        <\/div>\n\t    \t<\/div>\n\t\t    <\/div>\n\t    <!-- \/row_inner -->\n\t<\/div>\n\t<!-- \/module_row -->\n\t\t<!-- module_row -->\n\t<div   data-css_id=\"tb_5veh300\" data-lazy=\"1\" class=\"themify_builder_row module_row fullcover fullwidth tb_5veh300 clearfix\">\n\t    <div class=\"tf_abs builder_row_cover\"><\/div>\t    <div class=\"row_inner col_align_top tf_box tf_w tf_rel\" >\n\t\t\t<div  data-lazy=\"1\" class=\"module_column tb-column col-full first tb_kk93300 tf_box\">\n\t    \t    \t        <div class=\"tb-column-inner tf_box tf_w\">\n\t\t    <!-- module text -->\n<div  class=\"module module-text tb_w2g1301\" data-lazy=\"1\">\n            <div  class=\"tb_text_wrap\">\n    <h4 style=\"text-align: center;\">Uvoznik i distributer Luma stone protect d.o.o.<\/h4>\n<h4 style=\"text-align: center;\"><a href=\"https:\/\/www.filasolutions.com\/eng\/\" target=\"_blank\" rel=\"noopener\">FILA solutions \u00a0<\/a>for Serbia<\/h4>\n<h4 style=\"text-align: center;\">Goran Bandovi\u0107 - director<\/h4>    <\/div>\n<\/div>\n<!-- \/module text -->\t        <\/div>\n\t    \t<\/div>\n\t\t    <\/div>\n\t    <!-- \/row_inner -->\n\t<\/div>\n\t<!-- \/module_row -->\n\t<\/div>","protected":false},"excerpt":{"rendered":"<p>Contact O nama Preduze\u0107e LUMA Stone Protect DOO osnovano je 2012. godine sa sedi\u0161tem u Novom Sadu i zapo\u010delo je aktivnosti u oblasti \u010di\u0161\u0107enja, za\u0161tite i odr\u017eavanja podova od kamena, keramike i drugih tvrdih materijala, kao i aktivnosti u oblasti odr\u017eavanja higijene u poslovnim objektima. Velikim iskustvom i predanim radom izborili smo se za poziciju [&hellip;]<\/p>\n","protected":false},"author":1,"featured_media":0,"parent":0,"menu_order":0,"comment_status":"closed","ping_status":"closed","template":"","meta":{"footnotes":""},"class_list":["post-296","page","type-page","status-publish","hentry","has-post-title","has-post-date","has-post-category","has-post-tag","has-post-comment","has-post-author",""],"builder_content":"<h2>Contact<\/h2>\n<p style=\"text-align: center;\">[contact-form-7 id=\"45\" title=\"Contact form 1\"]<\/p>\n<img decoding=\"async\" src=\"https:\/\/luma-sp.com\/wp-content\/uploads\/2020\/10\/about-us-200x200.jpg\" width=\"200\" height=\"200\" title=\"about-us\" alt=\"about-us\" srcset=\"https:\/\/luma-sp.com\/wp-content\/uploads\/2020\/10\/about-us-200x200.jpg 200w, https:\/\/luma-sp.com\/wp-content\/uploads\/2020\/10\/about-us-300x300.jpg 300w, https:\/\/luma-sp.com\/wp-content\/uploads\/2020\/10\/about-us-150x150.jpg 150w, https:\/\/luma-sp.com\/wp-content\/uploads\/2020\/10\/about-us.jpg 500w\" sizes=\"(max-width: 200px) 100vw, 200px\" \/>\n<h2 style=\"text-align: center;\">O nama<\/h2> <h4>Preduze\u0107e LUMA Stone Protect DOO osnovano je 2012. godine sa sedi\u0161tem u Novom Sadu i zapo\u010delo je aktivnosti u oblasti \u010di\u0161\u0107enja, za\u0161tite i odr\u017eavanja podova od kamena, keramike i drugih tvrdih materijala, kao i aktivnosti u oblasti odr\u017eavanja higijene u poslovnim objektima. Velikim iskustvom i predanim radom izborili smo se za poziciju pouzdanog partnera velikim prodajnim sistemima keramike i kamena. \u00a0<\/h4> <h4>Na\u0161 inostrani partner, preduze\u0107e FILA industrija chimica spa, su evropski i svetski lideri u oblasti proizvodnje deterd\u017eenata i za\u0161titnih sredstava za podne povr\u0161ine. Svojim permanentnim istra\u017eiva\u010dkim radom uspeli su da se izbore za lidersku poziciju u kvalitetu proizvoda, a nas su prihvatili kao pouzdanog partnera na teritoriji Srbije i \u0161ire, sa kojim aktivno u\u010destvuje u \u0161irenju prodajne mre\u017ee robe i usluga.<\/h4> <h4>Na\u0161 poslovni uspeh se bazira na:<\/h4> <ul style=\"text-align: left;\"> <li> <h4>Odnosu prema klijentima i ugovorenim obavezama\u00a0<\/h4> <\/li> <li> <h4>Individualnom pristupu potrebama na\u0161ih klijenata<\/h4> <\/li> <li> <h4>Kompetentnim, odgovornim i obu\u010denim radnicima\u00a0<\/h4> <\/li> <li> <h4>Savremenim profesionalnim ma\u0161inama i opremi\u00a0<\/h4> <\/li> <li> <h4>Kvalitetnim profesionalnim sredstvima renomiranih proizvo\u0111a\u010da<\/h4> <\/li> <li> <h4>Permanentoj kontroli kvaliteta\u00a0<\/h4> <\/li> <\/ul> <h4>Politika kvaliteta preduze\u0107a zasnovana je na uspostavljanju, primeni i odr\u017eavanju poslovanja sa ciljem potpunog zadovoljenja zahteva i o\u010dekivanja klijenata i drugih zainteresovanih strana uz stalni i odr\u017eivi razvoj i pove\u0107anje efektivnosti i efikasnosti poslovanja.<\/h4> <h4>Anga\u017eovanjem ekipa radnika kojima je \u010di\u0161\u0107enje svakodnevan posao, kori\u0161\u0107enjem profesionalnih ma\u0161ina i opreme, kao i kvalitetnih hemijskih sredstava, garantujemo visok kvalitet pru\u017eenih usluga.<\/h4> <h4 style=\"text-align: justify;\">\u00a0<\/h4>\n<h4 style=\"text-align: center;\">Uvoznik i distributer Luma stone protect d.o.o.<\/h4> <h4 style=\"text-align: center;\"><a href=\"https:\/\/www.filasolutions.com\/eng\/\" target=\"_blank\" rel=\"noopener\">FILA solutions \u00a0<\/a>za Srbiju<\/h4> <h4 style=\"text-align: center;\">Goran Bandovi\u0107 - direktor<\/h4>","_links":{"self":[{"href":"https:\/\/luma-sp.com\/en\/wp-json\/wp\/v2\/pages\/296","targetHints":{"allow":["GET"]}}],"collection":[{"href":"https:\/\/luma-sp.com\/en\/wp-json\/wp\/v2\/pages"}],"about":[{"href":"https:\/\/luma-sp.com\/en\/wp-json\/wp\/v2\/types\/page"}],"author":[{"embeddable":true,"href":"https:\/\/luma-sp.com\/en\/wp-json\/wp\/v2\/users\/1"}],"replies":[{"embeddable":true,"href":"https:\/\/luma-sp.com\/en\/wp-json\/wp\/v2\/comments?post=296"}],"version-history":[{"count":38,"href":"https:\/\/luma-sp.com\/en\/wp-json\/wp\/v2\/pages\/296\/revisions"}],"predecessor-version":[{"id":1268,"href":"https:\/\/luma-sp.com\/en\/wp-json\/wp\/v2\/pages\/296\/revisions\/1268"}],"wp:attachment":[{"href":"https:\/\/luma-sp.com\/en\/wp-json\/wp\/v2\/media?parent=296"}],"curies":[{"name":"wp","href":"https:\/\/api.w.org\/{rel}","templated":true}]}}